{"id":1525,"date":"2019-07-17T13:53:15","date_gmt":"2019-07-17T13:53:15","guid":{"rendered":"http:\/\/mycars.digitalatlas.io\/?page_id=1525"},"modified":"2024-03-28T20:28:55","modified_gmt":"2024-03-28T20:28:55","slug":"contact-us","status":"publish","type":"page","link":"https:\/\/bvsonauto.com\/fr\/contact-us\/","title":{"rendered":"Contact"},"content":{"rendered":"<div data-elementor-type=\"wp-post\" data-elementor-id=\"1525\" class=\"elementor elementor-1525\">\n\t\t\t\t\t\t<section class=\"elementor-section elementor-top-section elementor-element elementor-element-fc0979b elementor-section-boxed elementor-section-height-default elementor-section-height-default\" data-id=\"fc0979b\" data-element_type=\"section\" data-e-type=\"section\">\n\t\t\t\t\t\t<div class=\"elementor-container elementor-column-gap-default\">\n\t\t\t\t\t<div class=\"elementor-column elementor-col-100 elementor-top-column elementor-element elementor-element-10be183\" data-id=\"10be183\" data-element_type=\"column\" data-e-type=\"column\">\n\t\t\t<div class=\"elementor-widget-wrap elementor-element-populated\">\n\t\t\t\t\t\t<div class=\"elementor-element elementor-element-43a1c95 elementor-widget elementor-widget-spacer\" data-id=\"43a1c95\" data-element_type=\"widget\" data-e-type=\"widget\" data-widget_type=\"spacer.default\">\n\t\t\t\t<div class=\"elementor-widget-container\">\n\t\t\t\t\t\t\t<div class=\"elementor-spacer\">\n\t\t\t<div class=\"elementor-spacer-inner\"><\/div>\n\t\t<\/div>\n\t\t\t\t\t\t<\/div>\n\t\t\t\t<\/div>\n\t\t\t\t\t<\/div>\n\t\t<\/div>\n\t\t\t\t\t<\/div>\n\t\t<\/section>\n\t\t\t\t<section class=\"elementor-section elementor-top-section elementor-element elementor-element-6509ce9 elementor-section-boxed elementor-section-height-default elementor-section-height-default\" data-id=\"6509ce9\" data-element_type=\"section\" data-e-type=\"section\">\n\t\t\t\t\t\t<div class=\"elementor-container elementor-column-gap-default\">\n\t\t\t\t\t<div class=\"elementor-column elementor-col-50 elementor-top-column elementor-element elementor-element-951cf7b\" data-id=\"951cf7b\" data-element_type=\"column\" data-e-type=\"column\">\n\t\t\t<div class=\"elementor-widget-wrap elementor-element-populated\">\n\t\t\t\t\t\t<div class=\"elementor-element elementor-element-8de1214 elementor-widget elementor-widget-heading\" data-id=\"8de1214\" data-element_type=\"widget\" data-e-type=\"widget\" data-widget_type=\"heading.default\">\n\t\t\t\t<div class=\"elementor-widget-container\">\n\t\t\t\t\t<h1 class=\"elementor-heading-title elementor-size-default\">Contactez nous<\/h1>\t\t\t\t<\/div>\n\t\t\t\t<\/div>\n\t\t\t\t<div class=\"elementor-element elementor-element-0fb9abf elementor-widget elementor-widget-spacer\" data-id=\"0fb9abf\" data-element_type=\"widget\" data-e-type=\"widget\" data-widget_type=\"spacer.default\">\n\t\t\t\t<div class=\"elementor-widget-container\">\n\t\t\t\t\t\t\t<div class=\"elementor-spacer\">\n\t\t\t<div class=\"elementor-spacer-inner\"><\/div>\n\t\t<\/div>\n\t\t\t\t\t\t<\/div>\n\t\t\t\t<\/div>\n\t\t\t\t<div class=\"elementor-element elementor-element-371b2b4 elementor-widget__width-initial elementor-widget elementor-widget-vehica_short_info_general_widget\" data-id=\"371b2b4\" data-element_type=\"widget\" data-e-type=\"widget\" data-settings=\"{&quot;vehica_short_info_text_align_mobile&quot;:&quot;center&quot;}\" data-widget_type=\"vehica_short_info_general_widget.default\">\n\t\t\t\t<div class=\"elementor-widget-container\">\n\t\t\t\t\t    <div class=\"vehica-short-info\">\r\n        <div class=\"vehica-short-info__inner\">\r\n            Welcome to our company ! Established in 2008, we are proud to be your trusted partner in the sale of new and used automobiles. With over a decade of experience, we specialize in providing top-quality vehicles that meet the diverse needs of our customers. Whether you&#039;re looking for a brand-new car or a reliable pre-owned vehicle, Our Company is here to help you find the perfect match. We are committed to delivering exceptional service and value, ensuring your complete satisfaction with every purchase. Thank you for choosing Our Company !        <\/div>\r\n    <\/div>\r\n\t\t\t\t<\/div>\n\t\t\t\t<\/div>\n\t\t\t\t<div class=\"elementor-element elementor-element-abab244 elementor-widget elementor-widget-spacer\" data-id=\"abab244\" data-element_type=\"widget\" data-e-type=\"widget\" data-widget_type=\"spacer.default\">\n\t\t\t\t<div class=\"elementor-widget-container\">\n\t\t\t\t\t\t\t<div class=\"elementor-spacer\">\n\t\t\t<div class=\"elementor-spacer-inner\"><\/div>\n\t\t<\/div>\n\t\t\t\t\t\t<\/div>\n\t\t\t\t<\/div>\n\t\t\t\t<div class=\"elementor-element elementor-element-941cb45 elementor-widget elementor-widget-vehica_address_general_widget\" data-id=\"941cb45\" data-element_type=\"widget\" data-e-type=\"widget\" data-settings=\"{&quot;vehica_address_text_align_mobile&quot;:&quot;center&quot;}\" data-widget_type=\"vehica_address_general_widget.default\">\n\t\t\t\t<div class=\"elementor-widget-container\">\n\t\t\t\t\t    <div class=\"vehica-address\">\r\n        <a href=\"https:\/\/maps.google.com\/?q=Branch+Address%3A+%0D%0AHauptstra%C3%9Fe+373%2C+33818+Leopoldsh%C3%B6he%2C+Germany%0D%0A%0D%0ABranch+Address%3A+%0D%0ASleutelplasstraat+79%0D%0A1700+Dilbeek%2C+Belgium%0D%0A%0D%0ABranch+Address%3A+%0D%0ASaadetdere%2C+Turgut+%C3%96zal+Mahallesi%2C+108.+Sk+Esenyurt+%C4%B0stanbul+N5+Suit+alt%C4%B1%2C+34513+Esenyurt%2F%C4%B0stanbul%0D%0A%0D%0ABranch+Address%3A+%0D%0A56+Shoreditch+High+Street%0D%0ALondon%2C+E1+6JJ+%2CUnited+Kingdom\" target=\"_blank\" rel=\"noopener\">\r\n            <span>Branch Address: \r\nHauptstra\u00dfe 373, 33818 Leopoldsh\u00f6he, Germany\r\n\r\nBranch Address: \r\nSleutelplasstraat 79\r\n1700 Dilbeek, Belgium\r\n\r\nBranch Address: \r\nSaadetdere, Turgut \u00d6zal Mahallesi, 108. Sk Esenyurt \u0130stanbul N5 Suit alt\u0131, 34513 Esenyurt\/\u0130stanbul\r\n\r\nBranch Address: \r\n56 Shoreditch High Street\r\nLondon, E1 6JJ ,United Kingdom<\/span>\r\n        <\/a>\r\n    <\/div>\r\n\t\t\t\t<\/div>\n\t\t\t\t<\/div>\n\t\t\t\t<div class=\"elementor-element elementor-element-19f77d5 elementor-widget elementor-widget-spacer\" data-id=\"19f77d5\" data-element_type=\"widget\" data-e-type=\"widget\" data-widget_type=\"spacer.default\">\n\t\t\t\t<div class=\"elementor-widget-container\">\n\t\t\t\t\t\t\t<div class=\"elementor-spacer\">\n\t\t\t<div class=\"elementor-spacer-inner\"><\/div>\n\t\t<\/div>\n\t\t\t\t\t\t<\/div>\n\t\t\t\t<\/div>\n\t\t\t\t<div class=\"elementor-element elementor-element-9c44801 elementor-widget elementor-widget-vehica_phone_general_widget\" data-id=\"9c44801\" data-element_type=\"widget\" data-e-type=\"widget\" data-settings=\"{&quot;vehica_phone_text_align&quot;:&quot;left&quot;,&quot;vehica_phone_text_align_mobile&quot;:&quot;center&quot;}\" data-widget_type=\"vehica_phone_general_widget.default\">\n\t\t\t\t<div class=\"elementor-widget-container\">\n\t\t\t\t\t    <div class=\"vehica-phone\">\r\n        <div class=\"vehica-phone-v1\">\r\n            <a\r\n                    class=\"vehica-phone-highlight\"\r\n                    href=\"tel:+33744081042\"\r\n            >\r\n                +33 744081042            <\/a>\r\n        <\/div>\r\n    <\/div>\r\n\t\t\t\t<\/div>\n\t\t\t\t<\/div>\n\t\t\t\t<div class=\"elementor-element elementor-element-29172f4 elementor-widget elementor-widget-spacer\" data-id=\"29172f4\" data-element_type=\"widget\" data-e-type=\"widget\" data-widget_type=\"spacer.default\">\n\t\t\t\t<div class=\"elementor-widget-container\">\n\t\t\t\t\t\t\t<div class=\"elementor-spacer\">\n\t\t\t<div class=\"elementor-spacer-inner\"><\/div>\n\t\t<\/div>\n\t\t\t\t\t\t<\/div>\n\t\t\t\t<\/div>\n\t\t\t\t<div class=\"elementor-element elementor-element-92e9f03 elementor-widget elementor-widget-vehica_email_general_widget\" data-id=\"92e9f03\" data-element_type=\"widget\" data-e-type=\"widget\" data-settings=\"{&quot;vehica_email_text_align_mobile&quot;:&quot;center&quot;}\" data-widget_type=\"vehica_email_general_widget.default\">\n\t\t\t\t<div class=\"elementor-widget-container\">\n\t\t\t\t\t    <div class=\"vehica-email\">\r\n        <a href=\"mailto:sales@bvsonauto.com\">\r\n                            <i class=\"fa fa-envelope\"><\/i>\r\n            \r\n            sales@bvsonauto.com        <\/a>\r\n    <\/div>\r\n\t\t\t\t<\/div>\n\t\t\t\t<\/div>\n\t\t\t\t<div class=\"elementor-element elementor-element-eada953 elementor-widget elementor-widget-spacer\" data-id=\"eada953\" data-element_type=\"widget\" data-e-type=\"widget\" data-widget_type=\"spacer.default\">\n\t\t\t\t<div class=\"elementor-widget-container\">\n\t\t\t\t\t\t\t<div class=\"elementor-spacer\">\n\t\t\t<div class=\"elementor-spacer-inner\"><\/div>\n\t\t<\/div>\n\t\t\t\t\t\t<\/div>\n\t\t\t\t<\/div>\n\t\t\t\t<div class=\"elementor-element elementor-element-c38ea9e vehica-social-profiles-mobile-block elementor-widget elementor-widget-vehica_social_profiles_general_widget\" data-id=\"c38ea9e\" data-element_type=\"widget\" data-e-type=\"widget\" data-settings=\"{&quot;vehica_social_profiles_text_align_mobile&quot;:&quot;center&quot;}\" data-widget_type=\"vehica_social_profiles_general_widget.default\">\n\t\t\t\t<div class=\"elementor-widget-container\">\n\t\t\t\t\t<div class=\"vehica-social-profiles\">\r\n            <div class=\"vehica-social-profiles__v2\">\r\n            <div class=\"vehica-social-profiles__v2__inner\">\r\n                <div class=\"vehica-social-profiles__v2__title\">\r\n                    Suivez-nous                <\/div>\r\n                                    <div class=\"vehica-social-icon\">\r\n                        <a\r\n                                href=\"#\"\r\n                                title=\"Facebook\"\r\n                                target=\"_blank\"\r\n                        >\r\n                            <i class=\"fab fa-facebook-f\"><\/i>\r\n                        <\/a>\r\n                    <\/div>\r\n                \r\n                                    <div class=\"vehica-social-icon\">\r\n                        <a\r\n                                href=\"#\"\r\n                                title=\"Twitter\"\r\n                                target=\"_blank\"\r\n                        >\r\n                            <i class=\"fab fa-twitter\"><\/i>\r\n                        <\/a>\r\n                    <\/div>\r\n                \r\n                                    <div class=\"vehica-social-icon\">\r\n                        <a\r\n                                href=\"#\"\r\n                                title=\"Instagram\"\r\n                                target=\"_blank\"\r\n                        >\r\n                            <i class=\"fab fa-instagram\"><\/i>\r\n                        <\/a>\r\n                    <\/div>\r\n                \r\n                \r\n                            <\/div>\r\n        <\/div>\r\n    <\/div>\t\t\t\t<\/div>\n\t\t\t\t<\/div>\n\t\t\t\t\t<\/div>\n\t\t<\/div>\n\t\t\t\t<div class=\"elementor-column elementor-col-50 elementor-top-column elementor-element elementor-element-bc08349\" data-id=\"bc08349\" data-element_type=\"column\" data-e-type=\"column\">\n\t\t\t<div class=\"elementor-widget-wrap elementor-element-populated\">\n\t\t\t\t\t\t<section class=\"elementor-section elementor-inner-section elementor-element elementor-element-635b438 vehica-contact-page-form elementor-section-boxed elementor-section-height-default elementor-section-height-default\" data-id=\"635b438\" data-element_type=\"section\" data-e-type=\"section\">\n\t\t\t\t\t\t<div class=\"elementor-container elementor-column-gap-default\">\n\t\t\t\t\t<div class=\"elementor-column elementor-col-100 elementor-inner-column elementor-element elementor-element-aade75e\" data-id=\"aade75e\" data-element_type=\"column\" data-e-type=\"column\">\n\t\t\t<div class=\"elementor-widget-wrap elementor-element-populated\">\n\t\t\t\t\t\t<div class=\"elementor-element elementor-element-35ae711 elementor-widget elementor-widget-google_maps\" data-id=\"35ae711\" data-element_type=\"widget\" data-e-type=\"widget\" data-widget_type=\"google_maps.default\">\n\t\t\t\t<div class=\"elementor-widget-container\">\n\t\t\t\t\t\t\t<div class=\"elementor-custom-embed\">\n\t\t\t<iframe loading=\"lazy\"\n\t\t\t\t\tsrc=\"https:\/\/maps.google.com\/maps?q=Hauptstra%C3%9Fe%20373%2C%2033818%20Leopoldsh%C3%B6he%2C%20Germany&#038;t=m&#038;z=14&#038;output=embed&#038;iwloc=near\"\n\t\t\t\t\ttitle=\"Hauptstra\u00dfe 373, 33818 Leopoldsh\u00f6he, Allemagne\"\n\t\t\t\t\taria-label=\"Hauptstra\u00dfe 373, 33818 Leopoldsh\u00f6he, Allemagne\"\n\t\t\t><\/iframe>\n\t\t<\/div>\n\t\t\t\t\t\t<\/div>\n\t\t\t\t<\/div>\n\t\t\t\t\t<\/div>\n\t\t<\/div>\n\t\t\t\t\t<\/div>\n\t\t<\/section>\n\t\t\t\t\t<\/div>\n\t\t<\/div>\n\t\t\t\t\t<\/div>\n\t\t<\/section>\n\t\t\t\t<\/div>","protected":false},"excerpt":{"rendered":"<p>Contact us Welcome to our car sales page! Here you will find a wide selection of used cars at great prices. Our cars are all in good condition and have been checked by our experts to make sure they are reliable and safe. Browse our listings and find the perfect car for your needs. We [&hellip;]<\/p>","protected":false},"author":68,"featured_media":0,"parent":0,"menu_order":0,"comment_status":"closed","ping_status":"closed","template":"","meta":{"footnotes":""},"class_list":["post-1525","page","type-page","status-publish","hentry"],"_links":{"self":[{"href":"https:\/\/bvsonauto.com\/fr\/wp-json\/wp\/v2\/pages\/1525","targetHints":{"allow":["GET"]}}],"collection":[{"href":"https:\/\/bvsonauto.com\/fr\/wp-json\/wp\/v2\/pages"}],"about":[{"href":"https:\/\/bvsonauto.com\/fr\/wp-json\/wp\/v2\/types\/page"}],"author":[{"embeddable":true,"href":"https:\/\/bvsonauto.com\/fr\/wp-json\/wp\/v2\/users\/68"}],"replies":[{"embeddable":true,"href":"https:\/\/bvsonauto.com\/fr\/wp-json\/wp\/v2\/comments?post=1525"}],"version-history":[{"count":13,"href":"https:\/\/bvsonauto.com\/fr\/wp-json\/wp\/v2\/pages\/1525\/revisions"}],"predecessor-version":[{"id":25955,"href":"https:\/\/bvsonauto.com\/fr\/wp-json\/wp\/v2\/pages\/1525\/revisions\/25955"}],"wp:attachment":[{"href":"https:\/\/bvsonauto.com\/fr\/wp-json\/wp\/v2\/media?parent=1525"}],"curies":[{"name":"wp","href":"https:\/\/api.w.org\/{rel}","templated":true}]}}